{"id":12,"date":"2025-11-30T16:19:15","date_gmt":"2025-11-30T15:19:15","guid":{"rendered":"https:\/\/carbonadvisory.de\/?page_id=12"},"modified":"2025-12-13T19:08:55","modified_gmt":"2025-12-13T18:08:55","slug":"strategie-wachstum","status":"publish","type":"page","link":"https:\/\/carbonadvisory.de\/en\/strategie-wachstum\/","title":{"rendered":"Strategy &amp; Growth"},"content":{"rendered":"<div data-elementor-type=\"wp-page\" data-elementor-id=\"12\" class=\"elementor elementor-12\">\n\t\t\t\t<div class=\"elementor-element elementor-element-0df9b15 e-flex e-con-boxed e-con e-parent\" data-id=\"0df9b15\" data-element_type=\"container\" data-settings=\"{&quot;background_background&quot;:&quot;classic&quot;}\">\n\t\t\t\t\t<div class=\"e-con-inner\">\n\t\t\t\t<div class=\"elementor-element elementor-element-e211c03 elementor-widget elementor-widget-heading\" data-id=\"e211c03\" data-element_type=\"widget\" data-widget_type=\"heading.default\">\n\t\t\t\t\t<h2 class=\"elementor-heading-title elementor-size-default\">Strategy &amp; Growth<\/h2>\t\t\t\t<\/div>\n\t\t\t\t\t<\/div>\n\t\t\t\t<\/div>\n\t\t<div class=\"elementor-element elementor-element-a77d552 e-flex e-con-boxed e-con e-parent\" data-id=\"a77d552\" data-element_type=\"container\">\n\t\t\t\t\t<div class=\"e-con-inner\">\n\t\t\t\t<div class=\"elementor-element elementor-element-2d2282b elementor-widget elementor-widget-text-editor\" data-id=\"2d2282b\" data-element_type=\"widget\" data-widget_type=\"text-editor.default\">\n\t\t\t\t\t\t\t\t\t<p>Markets are changing faster than established business models \u2013 driven by energy transformation, technological disruption, and increasing capital intensity. Traditional strategy work is no longer sufficient: what matters today is speed, validation, and consistent implementation that creates value rather than increasing complexity.<\/p><p><strong>What I contribute:<\/strong><\/p><ul><li>Structured strategy development for growth, innovation and sustainable market positioning<\/li><li>Building new business and investment platforms \u2013 from idea to operational scaling<\/li><li>Portfolio, divestment and market entry strategies in the energy, industrial and technology sectors<\/li><li>Experience in building new asset classes such as battery storage, microgrids and CCUS technologies<\/li><li>Sparring for CEOs, boards and private equity teams in crucial transformation and performance phases<\/li><li>Expertise in the realignment of capital-intensive business models and international portfolios<\/li><\/ul><p>In various leadership roles \u2013 including Global Head of Strategy &amp; Business Development \u2013 \u200b\u200bI have realigned global investment models, transformed international portfolios, and established digital platform business models. This included developing new financing structures, divesting from fossil fuel assets, implementing scalable governance and decision-making processes, and building an infrastructure fund in the wind energy sector.<\/p><p class=\"translation-block\"><strong>The results:<\/strong> significant increase in earnings, clear efficiency gains and a clear strategic focus on future markets.<\/p><p class=\"translation-block\"><strong>Customer benefits:<\/strong> Clarity, focus and sustainable growth \u2013 based on leadership experience, market knowledge and genuine implementation skills.<\/p>\t\t\t\t\t\t\t\t<\/div>\n\t\t\t\t<div class=\"elementor-element elementor-element-868e475 elementor-align-center elementor-widget elementor-widget-button\" data-id=\"868e475\" data-element_type=\"widget\" data-widget_type=\"button.default\">\n\t\t\t\t\t\t\t\t\t\t<a class=\"elementor-button elementor-button-link elementor-size-sm\" href=\"\/en\/#kontakt\">\n\t\t\t\t\t\t<span class=\"elementor-button-content-wrapper\">\n\t\t\t\t\t\t\t\t\t<span class=\"elementor-button-text\">Contact me<\/span>\n\t\t\t\t\t<\/span>\n\t\t\t\t\t<\/a>\n\t\t\t\t\t\t\t\t<\/div>\n\t\t\t\t\t<\/div>\n\t\t\t\t<\/div>\n\t\t\t\t<\/div>","protected":false},"excerpt":{"rendered":"<p>Strategie &amp; Wachstum M\u00e4rkte ver\u00e4ndern sich schneller als etablierte Gesch\u00e4ftsmodelle \u2013 getrieben durch Energie-Transformation, technologische Disruption und steigende Kapitalintensit\u00e4t. Klassische Strategiearbeit reicht daf\u00fcr nicht mehr aus: Entscheidend sind heute Geschwindigkeit, Validierung und eine konsequente Umsetzung, die Wert schafft statt Komplexit\u00e4t erh\u00f6ht. Was ich einbringe: Strukturierte Strategieentwicklung f\u00fcr Wachstum, Innovation und nachhaltige Marktpositionierung Aufbau neuer Gesch\u00e4fts- [&hellip;]<\/p>","protected":false},"author":1,"featured_media":0,"parent":0,"menu_order":0,"comment_status":"closed","ping_status":"closed","template":"elementor_header_footer","meta":{"footnotes":""},"class_list":["post-12","page","type-page","status-publish","hentry"],"_links":{"self":[{"href":"https:\/\/carbonadvisory.de\/en\/wp-json\/wp\/v2\/pages\/12","targetHints":{"allow":["GET"]}}],"collection":[{"href":"https:\/\/carbonadvisory.de\/en\/wp-json\/wp\/v2\/pages"}],"about":[{"href":"https:\/\/carbonadvisory.de\/en\/wp-json\/wp\/v2\/types\/page"}],"author":[{"embeddable":true,"href":"https:\/\/carbonadvisory.de\/en\/wp-json\/wp\/v2\/users\/1"}],"replies":[{"embeddable":true,"href":"https:\/\/carbonadvisory.de\/en\/wp-json\/wp\/v2\/comments?post=12"}],"version-history":[{"count":10,"href":"https:\/\/carbonadvisory.de\/en\/wp-json\/wp\/v2\/pages\/12\/revisions"}],"predecessor-version":[{"id":460,"href":"https:\/\/carbonadvisory.de\/en\/wp-json\/wp\/v2\/pages\/12\/revisions\/460"}],"wp:attachment":[{"href":"https:\/\/carbonadvisory.de\/en\/wp-json\/wp\/v2\/media?parent=12"}],"curies":[{"name":"wp","href":"https:\/\/api.w.org\/{rel}","templated":true}]}}