{"id":14,"date":"2025-11-30T16:19:31","date_gmt":"2025-11-30T15:19:31","guid":{"rendered":"https:\/\/carbonadvisory.de\/?page_id=14"},"modified":"2025-12-17T11:52:50","modified_gmt":"2025-12-17T10:52:50","slug":"interim-management","status":"publish","type":"page","link":"https:\/\/carbonadvisory.de\/en\/interim-management\/","title":{"rendered":"Interim Management"},"content":{"rendered":"<div data-elementor-type=\"wp-page\" data-elementor-id=\"14\" class=\"elementor elementor-14\">\n\t\t\t\t<div class=\"elementor-element elementor-element-bc12dd2 e-flex e-con-boxed e-con e-parent\" data-id=\"bc12dd2\" data-element_type=\"container\" data-settings=\"{&quot;background_background&quot;:&quot;classic&quot;}\">\n\t\t\t\t\t<div class=\"e-con-inner\">\n\t\t\t\t<div class=\"elementor-element elementor-element-4978eb5 elementor-widget elementor-widget-heading\" data-id=\"4978eb5\" data-element_type=\"widget\" data-widget_type=\"heading.default\">\n\t\t\t\t\t<h2 class=\"elementor-heading-title elementor-size-default\">Interim Management<\/h2>\t\t\t\t<\/div>\n\t\t\t\t\t<\/div>\n\t\t\t\t<\/div>\n\t\t<div class=\"elementor-element elementor-element-f6aa8eb e-flex e-con-boxed e-con e-parent\" data-id=\"f6aa8eb\" data-element_type=\"container\">\n\t\t\t\t\t<div class=\"e-con-inner\">\n\t\t\t\t<div class=\"elementor-element elementor-element-f776caa elementor-widget elementor-widget-text-editor\" data-id=\"f776caa\" data-element_type=\"widget\" data-widget_type=\"text-editor.default\">\n\t\t\t\t\t\t\t\t\t<p>When speed is essential, decisive, experienced, and present leadership is needed. No slides \u2013 just execution. For me, interim leadership means taking responsibility, making decisions, and creating momentum so that organizations remain capable of acting during critical phases.<\/p><p>From my experience working in corporations, medium-sized businesses, industrial holding companies and during international transformations, I know what teams need in challenging situations: clarity, structure, prioritization \u2013 and someone who leads instead of moderating.<\/p><p><strong>What I contribute<\/strong><\/p><ul><li>Leadership in critical transformation, growth, or performance phases<\/li><li>A stabilizing presence at the C-level, combined with operational implementation power<\/li><li>Fast decision-making through sound finance, portfolio and governance expertise<\/li><li>Experience in developing new business and technology fields<\/li><li>Expertise in managing large investment programs and international stakeholder structures<\/li><li>Value creation thinking, tailored to the requirements of private equity, family offices and industrial holding companies.<\/li><\/ul><p><strong>Typical fields of application<\/strong><\/p><ul><li>Leadership failure or temporary vacancy during transformation or investment phases<\/li><li>Building new business, technology or investment platforms<\/li><li>Turnaround situations, portfolio optimization, performance improvement<\/li><li>Structuring of large investment projects including financing, governance and stakeholder management<\/li><\/ul>\t\t\t\t\t\t\t\t<\/div>\n\t\t\t\t<div class=\"elementor-element elementor-element-17b7bfc elementor-align-center elementor-widget elementor-widget-button\" data-id=\"17b7bfc\" data-element_type=\"widget\" data-widget_type=\"button.default\">\n\t\t\t\t\t\t\t\t\t\t<a class=\"elementor-button elementor-button-link elementor-size-sm\" href=\"\/en\/#kontakt\">\n\t\t\t\t\t\t<span class=\"elementor-button-content-wrapper\">\n\t\t\t\t\t\t\t\t\t<span class=\"elementor-button-text\">Contact me<\/span>\n\t\t\t\t\t<\/span>\n\t\t\t\t\t<\/a>\n\t\t\t\t\t\t\t\t<\/div>\n\t\t\t\t\t<\/div>\n\t\t\t\t<\/div>\n\t\t\t\t<\/div>","protected":false},"excerpt":{"rendered":"<p>Interim Management Wenn es schnell gehen muss, braucht es F\u00fchrung mit Entschlusskraft, Erfahrung und Pr\u00e4senz. Keine Folien \u2013 Umsetzung. Interim Leadership bedeutet f\u00fcr mich: Verantwortung \u00fcbernehmen, Entscheidungen treffen und Momentum herstellen, damit Organisationen in kritischen Phasen handlungsf\u00e4hig bleiben. Aus meiner T\u00e4tigkeit in Konzern, Mittelstand, Industrieholdings und w\u00e4hrend internationaler Transformationen wei\u00df ich, was Teams in anspruchsvollen [&hellip;]<\/p>","protected":false},"author":1,"featured_media":0,"parent":0,"menu_order":0,"comment_status":"closed","ping_status":"closed","template":"elementor_header_footer","meta":{"footnotes":""},"class_list":["post-14","page","type-page","status-publish","hentry"],"_links":{"self":[{"href":"https:\/\/carbonadvisory.de\/en\/wp-json\/wp\/v2\/pages\/14","targetHints":{"allow":["GET"]}}],"collection":[{"href":"https:\/\/carbonadvisory.de\/en\/wp-json\/wp\/v2\/pages"}],"about":[{"href":"https:\/\/carbonadvisory.de\/en\/wp-json\/wp\/v2\/types\/page"}],"author":[{"embeddable":true,"href":"https:\/\/carbonadvisory.de\/en\/wp-json\/wp\/v2\/users\/1"}],"replies":[{"embeddable":true,"href":"https:\/\/carbonadvisory.de\/en\/wp-json\/wp\/v2\/comments?post=14"}],"version-history":[{"count":10,"href":"https:\/\/carbonadvisory.de\/en\/wp-json\/wp\/v2\/pages\/14\/revisions"}],"predecessor-version":[{"id":468,"href":"https:\/\/carbonadvisory.de\/en\/wp-json\/wp\/v2\/pages\/14\/revisions\/468"}],"wp:attachment":[{"href":"https:\/\/carbonadvisory.de\/en\/wp-json\/wp\/v2\/media?parent=14"}],"curies":[{"name":"wp","href":"https:\/\/api.w.org\/{rel}","templated":true}]}}