{"id":16,"date":"2025-11-30T16:19:41","date_gmt":"2025-11-30T15:19:41","guid":{"rendered":"https:\/\/carbonadvisory.de\/?page_id=16"},"modified":"2025-12-13T19:08:50","modified_gmt":"2025-12-13T18:08:50","slug":"business-transformation","status":"publish","type":"page","link":"https:\/\/carbonadvisory.de\/en\/business-transformation\/","title":{"rendered":"Business Transformation"},"content":{"rendered":"<div data-elementor-type=\"wp-page\" data-elementor-id=\"16\" class=\"elementor elementor-16\">\n\t\t\t\t<div class=\"elementor-element elementor-element-99e0315 e-flex e-con-boxed e-con e-parent\" data-id=\"99e0315\" data-element_type=\"container\" data-settings=\"{&quot;background_background&quot;:&quot;classic&quot;}\">\n\t\t\t\t\t<div class=\"e-con-inner\">\n\t\t\t\t<div class=\"elementor-element elementor-element-36617e8 elementor-widget elementor-widget-heading\" data-id=\"36617e8\" data-element_type=\"widget\" data-widget_type=\"heading.default\">\n\t\t\t\t\t<h2 class=\"elementor-heading-title elementor-size-default\">Business Transformation<\/h2>\t\t\t\t<\/div>\n\t\t\t\t\t<\/div>\n\t\t\t\t<\/div>\n\t\t<div class=\"elementor-element elementor-element-03fc76f e-flex e-con-boxed e-con e-parent\" data-id=\"03fc76f\" data-element_type=\"container\">\n\t\t\t\t\t<div class=\"e-con-inner\">\n\t\t\t\t<div class=\"elementor-element elementor-element-8184f67 elementor-widget elementor-widget-text-editor\" data-id=\"8184f67\" data-element_type=\"widget\" data-widget_type=\"text-editor.default\">\n\t\t\t\t\t\t\t\t\t<p>Transformation rarely fails because of the idea \u2013 but rather because of a lack of leadership, prioritization, and implementation discipline.<\/p><p>In markets characterized by energy transformation, technological dynamism and increasing capital requirements, successful change needs more than programs: it needs clarity, speed and leadership that enables decisions and takes responsibility.<\/p><p class=\"translation-block\">My approach: I lead transformations holistically \u2013 from defining the target vision and developing the roadmap to implementation. I combine strategy, leadership, organizational logic, and a strong financial perspective to manage complex changes in a structured, transparent, and results-oriented manner.<\/p><p><strong>What I contribute<\/strong><\/p><ul><li>Experienced leadership in critical transformation and performance phases<\/li><li>Building robust governance, control and decision-making structures<\/li><li>Rapid alignment and focus on operational and financial value drivers<\/li><li>Linking strategy, organization, technology and financial control logic<\/li><li>Expertise in AI, digitization and automation initiatives<\/li><li>Consistent focus on implementation \u2013 not programs, but real impact<\/li><\/ul><p><strong>Examples of my transformation successes<\/strong><\/p><ul><li>Transformation of a business unit of a large corporation with sustainable profit increase<\/li><li>Building a global carbon capture investment portfolio including governance, team building and value creation<\/li><li>Restructuring of an investment company in the energy sector followed by a successful sale of the company.<\/li><li>Introduction of AI-supported due diligence for investments<\/li><li>Reorientation of international portfolios \u2013 including divestment of assets and development of new asset classes<\/li><\/ul><p><strong>Result<\/strong><\/p><p>Transformation becomes manageable. Teams gain momentum. Progress becomes measurable. With clear leadership, structured priorities, and consistent implementation, I enable organizations to make faster decisions, act with greater focus, and achieve sustainable impact.<\/p>\t\t\t\t\t\t\t\t<\/div>\n\t\t\t\t<div class=\"elementor-element elementor-element-2e4aa49 elementor-align-center elementor-widget elementor-widget-button\" data-id=\"2e4aa49\" data-element_type=\"widget\" data-widget_type=\"button.default\">\n\t\t\t\t\t\t\t\t\t\t<a class=\"elementor-button elementor-button-link elementor-size-sm\" href=\"\/en\/#kontakt\">\n\t\t\t\t\t\t<span class=\"elementor-button-content-wrapper\">\n\t\t\t\t\t\t\t\t\t<span class=\"elementor-button-text\">Contact me<\/span>\n\t\t\t\t\t<\/span>\n\t\t\t\t\t<\/a>\n\t\t\t\t\t\t\t\t<\/div>\n\t\t\t\t\t<\/div>\n\t\t\t\t<\/div>\n\t\t\t\t<\/div>","protected":false},"excerpt":{"rendered":"<p>Business Transformation Transformation scheitert selten an der Idee \u2013 sondern an fehlender F\u00fchrung, Priorisierung und Umsetzungsdisziplin. \u2028In M\u00e4rkten, die durch Energie-Transformation, technologische Dynamik und steigende Kapitalanforderungen gepr\u00e4gt sind, braucht erfolgreiche Ver\u00e4nderung mehr als Programme:\u2028Sie braucht Klarheit, Tempo und eine F\u00fchrung, die Entscheidungen erm\u00f6glicht und Verantwortung \u00fcbernimmt. Mein Ansatz:\u2028 Ich f\u00fchre Transformationen ganzheitlich \u2013 vom Zielbild [&hellip;]<\/p>","protected":false},"author":1,"featured_media":0,"parent":0,"menu_order":0,"comment_status":"closed","ping_status":"closed","template":"elementor_header_footer","meta":{"footnotes":""},"class_list":["post-16","page","type-page","status-publish","hentry"],"_links":{"self":[{"href":"https:\/\/carbonadvisory.de\/en\/wp-json\/wp\/v2\/pages\/16","targetHints":{"allow":["GET"]}}],"collection":[{"href":"https:\/\/carbonadvisory.de\/en\/wp-json\/wp\/v2\/pages"}],"about":[{"href":"https:\/\/carbonadvisory.de\/en\/wp-json\/wp\/v2\/types\/page"}],"author":[{"embeddable":true,"href":"https:\/\/carbonadvisory.de\/en\/wp-json\/wp\/v2\/users\/1"}],"replies":[{"embeddable":true,"href":"https:\/\/carbonadvisory.de\/en\/wp-json\/wp\/v2\/comments?post=16"}],"version-history":[{"count":10,"href":"https:\/\/carbonadvisory.de\/en\/wp-json\/wp\/v2\/pages\/16\/revisions"}],"predecessor-version":[{"id":457,"href":"https:\/\/carbonadvisory.de\/en\/wp-json\/wp\/v2\/pages\/16\/revisions\/457"}],"wp:attachment":[{"href":"https:\/\/carbonadvisory.de\/en\/wp-json\/wp\/v2\/media?parent=16"}],"curies":[{"name":"wp","href":"https:\/\/api.w.org\/{rel}","templated":true}]}}