{"id":323,"date":"2025-12-11T20:28:10","date_gmt":"2025-12-11T19:28:10","guid":{"rendered":"https:\/\/carbonadvisory.de\/?page_id=323"},"modified":"2025-12-11T20:29:27","modified_gmt":"2025-12-11T19:29:27","slug":"impressum","status":"publish","type":"page","link":"https:\/\/carbonadvisory.de\/en\/impressum\/","title":{"rendered":"Imprint"},"content":{"rendered":"<div data-elementor-type=\"wp-page\" data-elementor-id=\"323\" class=\"elementor elementor-323\">\n\t\t\t\t<div class=\"elementor-element elementor-element-799e4d4 e-flex e-con-boxed e-con e-parent\" data-id=\"799e4d4\" data-element_type=\"container\">\n\t\t\t\t\t<div class=\"e-con-inner\">\n\t\t\t\t<div class=\"elementor-element elementor-element-1c4fc8e elementor-widget elementor-widget-text-editor\" data-id=\"1c4fc8e\" data-element_type=\"widget\" data-widget_type=\"text-editor.default\">\n\t\t\t\t\t\t\t\t\t<p><b>Imprint<\/b><\/p><p>Carbon Advisory<b><br \/><\/b>Enzianweg 5<br \/>83666 Waakirchen<\/p><p>Germany<\/p><p><b>Contact<\/b><b><br \/><\/b>Phone: +49 174-3048960<br \/>E-Mail: info@carbonadvisory.de<\/p><p><b>Management<\/b><b><br \/><\/b>Robert Schiele<\/p><p><b>Responsible for the content<\/b><b><br \/><\/b>Robert Schiele<\/p><p><b>Disclaimer<\/b><b><br \/><\/b>We accept no liability for the content of external links. The operators of the linked pages are solely responsible for their content.<\/p><p><b>Copyright<\/b><b><br \/><\/b>All content on this website, in particular texts, images and graphics, is protected by copyright. Any reproduction or distribution requires the express consent of Carbon Advisory.<\/p>\t\t\t\t\t\t\t\t<\/div>\n\t\t\t\t\t<\/div>\n\t\t\t\t<\/div>\n\t\t\t\t<\/div>","protected":false},"excerpt":{"rendered":"<p>Impressum Carbon AdvisoryEnzianweg 583666 Waakirchen Deutschland KontaktTelefon: +49 174-3048960E-Mail: info@carbonadvisory.de Gesch\u00e4ftsf\u00fchrungRobert Schiele Verantwortlich f\u00fcr den InhaltRobert Schiele HaftungshinweisWir \u00fcbernehmen keine Haftung f\u00fcr Inhalte externer Links. F\u00fcr den Inhalt verlinkter Seiten sind ausschlie\u00dflich deren Betreiber verantwortlich. UrheberrechtAlle Inhalte dieser Website, insbesondere Texte, Bilder und Grafiken, sind urheberrechtlich gesch\u00fctzt. Jede Vervielf\u00e4ltigung oder Weitergabe bedarf der ausdr\u00fccklichen Zustimmung [&hellip;]<\/p>","protected":false},"author":1,"featured_media":0,"parent":0,"menu_order":0,"comment_status":"closed","ping_status":"closed","template":"elementor_header_footer","meta":{"footnotes":""},"class_list":["post-323","page","type-page","status-publish","hentry"],"_links":{"self":[{"href":"https:\/\/carbonadvisory.de\/en\/wp-json\/wp\/v2\/pages\/323","targetHints":{"allow":["GET"]}}],"collection":[{"href":"https:\/\/carbonadvisory.de\/en\/wp-json\/wp\/v2\/pages"}],"about":[{"href":"https:\/\/carbonadvisory.de\/en\/wp-json\/wp\/v2\/types\/page"}],"author":[{"embeddable":true,"href":"https:\/\/carbonadvisory.de\/en\/wp-json\/wp\/v2\/users\/1"}],"replies":[{"embeddable":true,"href":"https:\/\/carbonadvisory.de\/en\/wp-json\/wp\/v2\/comments?post=323"}],"version-history":[{"count":7,"href":"https:\/\/carbonadvisory.de\/en\/wp-json\/wp\/v2\/pages\/323\/revisions"}],"predecessor-version":[{"id":332,"href":"https:\/\/carbonadvisory.de\/en\/wp-json\/wp\/v2\/pages\/323\/revisions\/332"}],"wp:attachment":[{"href":"https:\/\/carbonadvisory.de\/en\/wp-json\/wp\/v2\/media?parent=323"}],"curies":[{"name":"wp","href":"https:\/\/api.w.org\/{rel}","templated":true}]}}